{"id":117,"date":"2025-05-20T02:31:20","date_gmt":"2025-05-20T02:31:20","guid":{"rendered":"https:\/\/sana.ro\/?page_id=117"},"modified":"2025-05-20T04:16:15","modified_gmt":"2025-05-20T04:16:15","slug":"inscriere-medicina-de-familie","status":"publish","type":"page","link":"https:\/\/sana.ro\/index.php\/inscriere-medicina-de-familie\/","title":{"rendered":"Inscriere medicina de familie"},"content":{"rendered":"<div class=\"\" style=\"\" >\n    \n    <section class=\"skrollable u-align-center u-clearfix u-image u-parallax u-shading u-section-2\" id=\"sec-cf62\" data-image-width=\"2782\" data-image-height=\"1160\" style=\"background-image: linear-gradient(0deg, rgba(0, 0, 0, 0.05), rgba(0, 0, 0, 0.05)), url(&quot;https:\/\/sana.ro\/wp-content\/uploads\/2025\/03\/Sana-cladire-ok-scaled.jpg&quot;);\">\n      <div class=\"u-clearfix u-sheet u-sheet-1\">\n        <h1 class=\"u-align-center u-text u-text-default u-title u-text-1\">\u00censcriere<br>Medicin\u0103 de familie\n        <\/h1>\n        <p class=\"u-align-center u-large-text u-text u-text-default-lg u-text-default-md u-text-default-sm u-text-default-xl u-text-variant u-text-2\">Pentru a v\u0103 \u00eenscrie la medicul de familie al Centurlui Medical Sana pute\u021bi completa formularul online<br>sau desc\u0103rca cererea de mai jos pe care o pute\u021bi completa \u0219i trimite la adresa noastr\u0103 de e-mail.<br>\n        <\/p>\n        <a href=\"tel: 021 212 82 22\" class=\"u-active-palette-1-dark-2 u-align-center u-btn u-button-style u-hover-palette-1-dark-1 u-palette-2-base u-btn-1\" data-animation-name=\"customAnimationIn\" data-animation-duration=\"1000\" data-animation-delay=\"0\">DESCARC\u0102 CEREREA<\/a>\n      <\/div>\n    <\/section>\n    <section class=\"u-clearfix u-section-3\" id=\"sec-fd0a\">\n      <div class=\"u-clearfix u-sheet u-sheet-1\">\n        <h1 class=\"u-align-center u-text u-text-default u-text-1\">Cerere online inscriere Medic de Familie<br>\n        <\/h1>\n        <h5 class=\"u-align-center u-text u-text-default u-text-2\">* Cererea se va semna personal \u0219i se va \u00eenregistra la sediul Centrului Medical Sana<\/h5>\n        <div class=\"u-expanded-width u-form u-form-1\">\n          <form action=\"https:\/\/forms.nicepagesrv.com\/v2\/form\/process\" class=\"u-clearfix u-form-spacing-10 u-form-vertical u-inner-form\" source=\"email\" name=\"form\" style=\"padding: 10px;\">\n            <div class=\"u-form-date u-form-group u-form-group-1\">\n              <label for=\"date-5552\" class=\"u-label\">Data na\u0219terii<\/label>\n              <input type=\"text\" placeholder=\"DD\/MM\/YYYY\" id=\"date-5552\" name=\"date\" class=\"u-input u-input-rectangle u-number\" required=\"\" data-date-format=\"dd\/mm\/yyyy\">\n            <\/div>\n            <div class=\"u-form-group u-form-name u-form-partition-factor-2 u-form-group-2\">\n              <label for=\"name-616f\" class=\"u-label\">Numele<\/label>\n              <input type=\"text\" placeholder=\"Introduceti numele\" id=\"name-616f\" name=\"name-1\" class=\"u-input u-input-rectangle\" required=\"\">\n            <\/div>\n            <div class=\"u-form-group u-form-name u-form-partition-factor-2 u-form-group-3\">\n              <label for=\"name-616f\" class=\"u-label\">Prenumele<\/label>\n              <input type=\"text\" placeholder=\"Introduceti prenumele\" id=\"name-616f\" name=\"name-2\" class=\"u-input u-input-rectangle\" required=\"\">\n            <\/div>\n            <div class=\"u-form-email u-form-group\">\n              <label for=\"email-b139\" class=\"u-label\">Email<\/label>\n              <input type=\"email\" placeholder=\"O adresa de e-mail valid\u0103\" id=\"email-b139\" name=\"email\" class=\"u-input u-input-rectangle\" required=\"\">\n            <\/div>\n            <div class=\"u-form-group u-form-message\">\n              <label for=\"message-b139\" class=\"u-label\">Informatii aditionale<\/label>\n              <textarea placeholder=\"Aici puteti adauga informatii cum ar fi zona, medicul vechi (daca este cazul) etc.\" rows=\"4\" cols=\"50\" id=\"message-b139\" name=\"Info\" class=\"u-input u-input-rectangle\" required=\"\"><\/textarea>\n            <\/div>\n            <div class=\"u-align-center u-form-group u-form-submit\">\n              <a href=\"#\" class=\"u-active-palette-3-dark-1 u-border-1 u-border-active-palette-4-base u-border-hover-white u-border-palette-1-base u-btn u-btn-submit u-button-style u-hover-palette-2-base u-palette-3-base u-btn-1\">TRIMITE<\/a>\n              <input type=\"submit\" value=\"submit\" class=\"u-form-control-hidden\">\n            <\/div>\n            <div class=\"u-form-send-message u-form-send-success\"> Thank you! Your message has been sent. <\/div>\n            <div class=\"u-form-send-error u-form-send-message\"> Unable to send your message. Please fix errors then try again. <\/div>\n            <input type=\"hidden\" value=\"\" name=\"recaptchaResponse\">\n            <input type=\"hidden\" name=\"formServices\" value=\"528acfe2-d379-e79d-e374-6d8dc4c28918\">\n          <\/form>\n        <\/div>\n      <\/div>\n    <\/section>\n    <section class=\"u-clearfix u-container-align-center u-palette-3-dark-1 u-section-4\" id=\"sec-72fd\">\n      <div class=\"u-clearfix u-sheet u-valign-middle-lg u-valign-middle-md u-valign-middle-xl u-sheet-1\">\n        <div class=\"data-layout-selected u-clearfix u-expanded-width u-layout-wrap u-layout-wrap-1\">\n          <div class=\"u-layout\">\n            <div class=\"u-layout-row\">\n              <div class=\"u-container-style u-layout-cell u-palette-3-dark-1 u-size-30 u-layout-cell-1\">\n                <div class=\"u-container-layout u-container-layout-1\">\n                  <img decoding=\"async\" class=\"u-image u-image-contain u-image-default u-image-1\" src=\"https:\/\/sana.ro\/wp-content\/uploads\/2025\/03\/sana-logo-alb-1.png\" alt=\"\" data-image-width=\"556\" data-image-height=\"337\" data-animation-name=\"customAnimationIn\" data-animation-duration=\"1000\" data-animation-delay=\"0\">\n                  <h3 class=\"u-align-center u-custom-font u-font-oswald u-text u-text-palette-1-base u-text-1\">Contact&nbsp;<\/h3>\n                  <p class=\"u-align-center u-custom-font u-font-oswald u-text u-text-2\">Adresa:<br>Str. Dr. Dumitru Sergiu, nr. 5, Sector 1, Bucure\u0219ti<br>Telefoane:&nbsp;&nbsp;<br>021.212.82.22 \u2022 0724.255.576<br>receptie@sana.ro<br>\n                    <span style=\"color: rgb(0, 0, 0);\"><\/span>\n                    <span class=\"u-text-palette-1-base\"><b>www.sana.ro<\/b>\n                    <\/span>\n                  <\/p>\n                  <h5 class=\"u-align-center u-custom-font u-font-oswald u-text u-text-3\">PROGRAM<\/h5>\n                  <p class=\"u-align-center u-custom-font u-font-oswald u-text u-text-4\">Luni - Vineri: 8:00 \u2013 22:00&nbsp;<br>S\u00e2mb\u0103t\u0103: 9:00 \u2013 16:00<br>Duminica: \u00cenchis\n                  <\/p>\n                <\/div>\n              <\/div>\n              <div class=\"u-container-align-center u-container-style u-layout-cell u-shape-rectangle u-size-30 u-layout-cell-2\">\n                <div class=\"u-container-layout u-container-layout-2\">\n                  <div class=\"u-absolute-hcenter u-expanded u-grey-light-2 u-map\">\n                    <div class=\"embed-responsive\">\n                      <iframe class=\"embed-responsive-item\" src=\"https:\/\/maps.google.com\/maps?output=embed&amp;q=Str.%20Dr.%20Dumitru%20Sergiu%2C%20nr.%205%2C%20Sector%201%2C%20Bucure%C8%99ti&amp;z=16&amp;t=m\" data-map=\"JTdCJTIyYWRkcmVzcyUyMiUzQSUyMlN0ci4lMjBEci4lMjBEdW1pdHJ1JTIwU2VyZ2l1JTJDJTIwbnIuJTIwNSUyQyUyMFNlY3RvciUyMDElMkMlMjBCdWN1cmUlQzglOTl0aSUyMiUyQyUyMnpvb20lMjIlM0ExNiUyQyUyMnR5cGVJZCUyMiUzQSUyMnJvYWQlMjIlMkMlMjJsYW5nJTIyJTNBbnVsbCUyQyUyMmFwaUtleSUyMiUzQW51bGwlMkMlMjJtYXJrZXJzJTIyJTNBJTVCJTVEJTdE\"><\/iframe>\n                    <\/div>\n                  <\/div>\n                <\/div>\n              <\/div>\n            <\/div>\n          <\/div>\n        <\/div>\n      <\/div>\n    <\/section>\n    \n    \n    \n    \n  \n<\/div>","protected":false},"excerpt":{"rendered":"<p>\u00censcriereMedicin\u0103 de familie Pentru a v\u0103 \u00eenscrie la medicul de familie al Centurlui Medical Sana pute\u021bi completa formularul onlinesau desc\u0103rca [&hellip;]<\/p>\n","protected":false},"author":1,"featured_media":0,"parent":0,"menu_order":0,"comment_status":"closed","ping_status":"closed","template":"","meta":{"site-sidebar-layout":"default","site-content-layout":"","ast-site-content-layout":"default","site-content-style":"default","site-sidebar-style":"default","ast-global-header-display":"","ast-banner-title-visibility":"","ast-main-header-display":"","ast-hfb-above-header-display":"","ast-hfb-below-header-display":"","ast-hfb-mobile-header-display":"","site-post-title":"","ast-breadcrumbs-content":"","ast-featured-img":"","footer-sml-layout":"","theme-transparent-header-meta":"default","adv-header-id-meta":"","stick-header-meta":"","header-above-stick-meta":"","header-main-stick-meta":"","header-below-stick-meta":"","astra-migrate-meta-layouts":"set","ast-page-background-enabled":"default","ast-page-background-meta":{"desktop":{"background-color":"var(--ast-global-color-5)","background-image":"","background-repeat":"repeat","background-position":"center center","background-size":"auto","background-attachment":"scroll","background-type":"","background-media":"","overlay-type":"","overlay-color":"","overlay-opacity":"","overlay-gradient":""},"tablet":{"background-color":"","background-image":"","background-repeat":"repeat","background-position":"center center","background-size":"auto","background-attachment":"scroll","background-type":"","background-media":"","overlay-type":"","overlay-color":"","overlay-opacity":"","overlay-gradient":""},"mobile":{"background-color":"","background-image":"","background-repeat":"repeat","background-position":"center center","background-size":"auto","background-attachment":"scroll","background-type":"","background-media":"","overlay-type":"","overlay-color":"","overlay-opacity":"","overlay-gradient":""}},"ast-content-background-meta":{"desktop":{"background-color":"var(--ast-global-color-4)","background-image":"","background-repeat":"repeat","background-position":"center center","background-size":"auto","background-attachment":"scroll","background-type":"","background-media":"","overlay-type":"","overlay-color":"","overlay-opacity":"","overlay-gradient":""},"tablet":{"background-color":"var(--ast-global-color-4)","background-image":"","background-repeat":"repeat","background-position":"center center","background-size":"auto","background-attachment":"scroll","background-type":"","background-media":"","overlay-type":"","overlay-color":"","overlay-opacity":"","overlay-gradient":""},"mobile":{"background-color":"var(--ast-global-color-4)","background-image":"","background-repeat":"repeat","background-position":"center center","background-size":"auto","background-attachment":"scroll","background-type":"","background-media":"","overlay-type":"","overlay-color":"","overlay-opacity":"","overlay-gradient":""}},"footnotes":""},"class_list":["post-117","page","type-page","status-publish","hentry"],"_links":{"self":[{"href":"https:\/\/sana.ro\/index.php\/wp-json\/wp\/v2\/pages\/117","targetHints":{"allow":["GET"]}}],"collection":[{"href":"https:\/\/sana.ro\/index.php\/wp-json\/wp\/v2\/pages"}],"about":[{"href":"https:\/\/sana.ro\/index.php\/wp-json\/wp\/v2\/types\/page"}],"author":[{"embeddable":true,"href":"https:\/\/sana.ro\/index.php\/wp-json\/wp\/v2\/users\/1"}],"replies":[{"embeddable":true,"href":"https:\/\/sana.ro\/index.php\/wp-json\/wp\/v2\/comments?post=117"}],"version-history":[{"count":6,"href":"https:\/\/sana.ro\/index.php\/wp-json\/wp\/v2\/pages\/117\/revisions"}],"predecessor-version":[{"id":418,"href":"https:\/\/sana.ro\/index.php\/wp-json\/wp\/v2\/pages\/117\/revisions\/418"}],"wp:attachment":[{"href":"https:\/\/sana.ro\/index.php\/wp-json\/wp\/v2\/media?parent=117"}],"curies":[{"name":"wp","href":"https:\/\/api.w.org\/{rel}","templated":true}]}}