{"id":139,"date":"2025-04-01T15:24:10","date_gmt":"2025-04-01T15:24:10","guid":{"rendered":"https:\/\/sana.ro\/?page_id=139"},"modified":"2025-05-22T20:42:33","modified_gmt":"2025-05-22T20:42:33","slug":"recuperare-medicala","status":"publish","type":"page","link":"https:\/\/sana.ro\/index.php\/recuperare-medicala\/","title":{"rendered":"Recuperare medicala"},"content":{"rendered":"<div class=\"\" style=\"\" >\n    \n    <section class=\"skrollable u-align-center u-clearfix u-image u-parallax u-shading u-section-2\" id=\"sec-cf62\" data-image-width=\"2560\" data-image-height=\"603\" style=\"background-image: linear-gradient(0deg, rgba(1, 114, 178, 0.65), rgba(1, 114, 178, 0.65)), url(&quot;https:\/\/sana.ro\/wp-content\/uploads\/2025\/03\/CM-Sana-FizioKinetoTerapie-scaled.jpg&quot;);\">\n      <div class=\"u-clearfix u-sheet u-sheet-1\">\n        <h1 class=\"u-align-center u-text u-text-default u-title u-text-1\">Recuperare medical\u0103<\/h1>\n        <h6 class=\"u-align-center u-text u-text-default u-text-2\"> Planurile noastre de tratament sunt personalizate \u0219i realizate de speciali\u0219ti cu experien\u021b\u0103 \u00een domeniu.&nbsp;<br>Evaluarea ini\u021bial\u0103 detaliat\u0103 ne ajut\u0103 s\u0103 identific\u0103m cele mai potrivite tehnici pentru fiecare pacient, asigur\u00e2nd astfel rezultate optime. De asemenea, oferim suport \u0219i consiliere pe tot parcursul recuper\u0103rii pentru a te motiva \u0219i a asigura o recuperare rapid\u0103 \u0219i eficient\u0103.&nbsp;<br>\n          <br>Fie c\u0103 ai suferit o interven\u021bie chirurgical\u0103, ai trecut printr-un accident sau te confrun\u021bi cu dureri cronice, suntem aici s\u0103 te ajut\u0103m. La Centrul Medical Sana punem accent pe recuperarea complet\u0103, astfel \u00eenc\u00e2t s\u0103 te bucuri din nou de libertatea de mi\u0219care \u0219i de un stil de via\u021b\u0103 activ.&nbsp;<br>\n          <br>Programeaz\u0103-te acum pentru o consulta\u021bie \u0219i \u00eencepe procesul de vindecare al\u0103turi de profesioni\u0219ti dedica\u021bi!\n        <\/h6>\n        <a href=\"tel: 021 212 82 22\" class=\"u-active-palette-1-dark-2 u-align-center u-btn u-button-style u-hover-custom-color-3 u-palette-2-base u-radius u-btn-1\" data-animation-name=\"customAnimationIn\" data-animation-duration=\"1000\" data-animation-delay=\"0\">SUN\u0102 ACUM<\/a>\n      <\/div>\n    <\/section>\n    <section class=\"u-clearfix u-container-align-center u-section-3\" id=\"carousel_803d\">\n      <div class=\"u-clearfix u-sheet u-valign-middle u-sheet-1\">\n        <div class=\"data-layout-selected u-clearfix u-expanded-width u-layout-wrap u-layout-wrap-1\">\n          <div class=\"u-layout\">\n            <div class=\"u-layout-row\">\n              <div class=\"u-container-style u-gradient u-layout-cell u-radius u-size-30-lg u-size-30-xl u-size-60-md u-size-60-sm u-size-60-xs u-layout-cell-1\" data-animation-name=\"customAnimationIn\" data-animation-duration=\"1500\" data-animation-delay=\"250\">\n                <div class=\"u-container-layout u-container-layout-1\">\n                  <h2 class=\"u-align-center u-text u-text-palette-3-light-1 u-text-1\">\n                    <span style=\"font-weight: 700;\"><\/span>Dr. Toncea Milena\n                  <\/h2>\n                  <h2 class=\"u-align-center u-text u-text-body-alt-color u-text-2\">\n                    <span style=\"font-weight: 700;\"><\/span>Medic Specialist Recuperare Medical\u0103\n                  <\/h2>\n                  <img decoding=\"async\" class=\"u-border-2 u-border-white u-expanded-width u-image u-image-round u-preserve-proportions u-radius u-image-1\" src=\"https:\/\/sana.ro\/wp-content\/uploads\/2025\/04\/Dr.TonceaMilena.jpg\" alt=\"\" data-image-width=\"1080\" data-image-height=\"1412\">\n                  <p class=\"u-align-center u-text u-text-3\">\n                    <span style=\"font-weight: 700;\">PROGRAM:&nbsp;<\/span>\n                    <br>Luni-Vineri 8:00-18:00<br>S\u00e2mb\u0103t\u0103: 9:00-16:00\n                  <\/p>\n                  <a href=\"tel: 021 212 82 22\" class=\"u-active-palette-1-base u-align-left u-border-2 u-border-active-palette-1-base u-border-hover-palette-1-base u-border-palette-3-dark-1 u-btn u-btn-round u-button-style u-hover-palette-3-dark-1 u-none u-radius-5 u-text-active-white u-text-hover-white u-btn-1\" data-animation-name=\"\" data-animation-duration=\"0\" data-animation-delay=\"0\" data-animation-direction=\"\">PROGRAMEAZ\u0102-TE<\/a>\n                <\/div>\n              <\/div>\n              <div class=\"u-align-left u-container-style u-layout-cell u-size-30-lg u-size-30-xl u-size-60-md u-size-60-sm u-size-60-xs u-layout-cell-2\" data-animation-name=\"customAnimationIn\" data-animation-duration=\"1750\" data-animation-delay=\"500\">\n                <div class=\"u-container-layout u-container-layout-2\">\n                  <ul class=\"u-text u-text-4\">\n                    <li>\n                      <span style=\"font-weight: 700;\"><\/span>Consult \n                    <\/li>\n                    <li>Control <\/li>\n                    <li>Curenti diadinamici 1 sedinta <\/li>\n                    <li>Ultrasunet 1 sedinta <\/li>\n                    <li>Laserterapie (5 puncte) 1 sedinta <\/li>\n                    <li>Curent TENS 1 sedinta <\/li>\n                    <li>Curent TRABERT 1 sedinta <\/li>\n                    <li>Curenti exponentiali 1 sedinta <\/li>\n                    <li>Curenti interferentiali 1 sedinta <\/li>\n                    <li>Shock wave 1 sedinta <\/li>\n                    <li>Shock wave 3 sedinte <\/li>\n                    <li>Shock wave 5 sedinte <\/li>\n                    <li>Short wave ( terapie unde scurte) 1 sedinta <\/li>\n                    <li>Short wave ( terapie unde scurte) 10 sedinte <\/li>\n                    <li>Magnetodiaflux 1 sedinta <\/li>\n                    <li>Magnetodiaflux 5 sedinte <\/li>\n                    <li>Magnetodiaflux 10 sedinte <\/li>\n                    <li>Laser de inalta frecventa 5 sedinte <\/li>\n                    <li>Laser de inalta frecventa 10 sedinte <\/li>\n                    <li>Baie galvanica 5 sedinte <\/li>\n                    <li>Baie galvanica 10 sedinte <\/li>\n                    <li>Presoterapie ( drenaj limfatic) 1 sedinta 40 min <\/li>\n                    <li>Presoterapie ( drenaj limfatic) 5 sedinte 40 min <\/li>\n                    <li>Kinetoterape 1 sedinta 30 min <\/li>\n                    <li>Kinetoterape 5 sedinte 30 min <\/li>\n                    <li>kinetoterapie 10 sedinte 30 min <\/li>\n                    <li>Masaj terapeutic (segmentar) 1 sedinta 15 min <\/li>\n                    <li>Masaj terapeutic (segmentar) 5 sedinte 15 min <\/li>\n                    <li>Masaj terapeutic (segmentar) 10 sedinte 15 min <\/li>\n                    <li>Pachet fizioterapie ( 10 sedinte 3 proceduri) <\/li>\n                    <li>Laser onicomicoza 1 sedinta ( 1 regiune) <\/li>\n                    <li>Laser onicomicoza 5 sedinte ( 1 regiune) <\/li>\n                    <li>Referat medical <\/li>\n                    <li>Ecografie parti moi<\/li>\n                  <\/ul>\n                <\/div>\n              <\/div>\n            <\/div>\n          <\/div>\n        <\/div>\n      <\/div>\n    <\/section>\n    <section class=\"u-clearfix u-container-align-center u-section-4\" id=\"carousel_ce6b\">\n      <div class=\"u-clearfix u-sheet u-valign-middle u-sheet-1\">\n        <div class=\"data-layout-selected u-clearfix u-expanded-width u-layout-wrap u-layout-wrap-1\">\n          <div class=\"u-layout\">\n            <div class=\"u-layout-row\">\n              <div class=\"u-container-style u-gradient u-layout-cell u-radius u-size-30-lg u-size-30-xl u-size-60-md u-size-60-sm u-size-60-xs u-layout-cell-1\" data-animation-name=\"customAnimationIn\" data-animation-duration=\"1500\" data-animation-delay=\"250\">\n                <div class=\"u-container-layout u-container-layout-1\">\n                  <h2 class=\"u-align-center u-text u-text-palette-3-light-1 u-text-1\">\n                    <span style=\"font-weight: 700;\"><\/span>Dr. Dochi\u021b\u0103 Rodica\n                  <\/h2>\n                  <h2 class=\"u-align-center u-text u-text-body-alt-color u-text-2\">\n                    <span style=\"font-weight: 700;\"><\/span>Medic Specialist Recuperare Medical\u0103\n                  <\/h2>\n                  <img decoding=\"async\" class=\"custom-expanded u-border-2 u-border-white u-expanded-width-lg u-expanded-width-md u-expanded-width-sm u-expanded-width-xl u-image u-image-round u-preserve-proportions u-radius u-image-1\" src=\"https:\/\/sana.ro\/wp-content\/uploads\/2025\/04\/DrDochitaRodica_recuperare.png\" alt=\"\" data-image-width=\"496\" data-image-height=\"496\">\n                  <p class=\"u-align-center u-text u-text-3\">\n                    <span style=\"font-weight: 700;\">PROGRAM:&nbsp;<\/span>\n                    <br>Luni-Vineri 8:00-18:00<br>S\u00e2mb\u0103t\u0103: 9:00-16:00\n                  <\/p>\n                  <a href=\"tel: 021 212 82 22\" class=\"u-active-palette-1-base u-align-left u-border-2 u-border-active-palette-1-base u-border-hover-palette-1-base u-border-palette-3-dark-1 u-btn u-btn-round u-button-style u-hover-palette-3-dark-1 u-none u-radius-5 u-text-active-white u-text-hover-white u-btn-1\" data-animation-name=\"\" data-animation-duration=\"0\" data-animation-delay=\"0\" data-animation-direction=\"\">PROGRAMEAZ\u0102-TE<\/a>\n                <\/div>\n              <\/div>\n              <div class=\"u-align-left u-container-style u-layout-cell u-size-30-lg u-size-30-xl u-size-60-md u-size-60-sm u-size-60-xs u-layout-cell-2\" data-animation-name=\"customAnimationIn\" data-animation-duration=\"1750\" data-animation-delay=\"500\">\n                <div class=\"u-container-layout u-container-layout-2\">\n                  <ul class=\"u-text u-text-4\">\n                    <li>\n                      <span style=\"font-weight: 700;\"><\/span> Consult \n                    <\/li>\n                    <li>Curenti diadinamici 1 sedinta <\/li>\n                    <li>Ultrasunet 1 sedinta <\/li>\n                    <li>Laserterapie (5 puncte) 1 sedinta <\/li>\n                    <li>Curent TENS 1 sedinta <\/li>\n                    <li>Curent TRABERT 1 sedinta <\/li>\n                    <li>Curenti exponentiali 1 sedinta <\/li>\n                    <li>Curenti interferentiali 1 sedinta <\/li>\n                    <li>Shock wave 1 sedinta <\/li>\n                    <li>Shock wave 3 sedinte <\/li>\n                    <li>Shock wave 5 sedinte <\/li>\n                    <li>Short wave ( terapie unde scurte) 1 sedinta <\/li>\n                    <li>Short wave ( terapie unde scurte) 10 sedinte <\/li>\n                    <li>Magnetodiaflux 1 sedinta <\/li>\n                    <li>Magnetodiaflux 5 sedinte <\/li>\n                    <li>Magnetodiaflux 10 sedinte <\/li>\n                    <li>Laser de inalta frecventa 5 sedinte <\/li>\n                    <li>Laser de inalta frecventa 10 sedinte <\/li>\n                    <li>Baie galvanica 5 sedinte <\/li>\n                    <li>Baie galvanica 10 sedinte <\/li>\n                    <li>Presoterapie ( drenaj limfatic) 1 sedinta 40 min <\/li>\n                    <li>Presoterapie ( drenaj limfatic) 5 sedinte 40 min <\/li>\n                    <li>Kinetoterape 1 sedinta 30 min <\/li>\n                    <li>Kinetoterape 5 sedinte 30 min <\/li>\n                    <li>kinetoterapie 10 sedinte 30 min <\/li>\n                    <li>Masaj terapeutic (segmentar) 1 sedinta 15 min <\/li>\n                    <li>Masaj terapeutic (segmentar) 5 sedinte 15 min <\/li>\n                    <li>Masaj terapeutic (segmentar) 10 sedinte 15 min <\/li>\n                    <li>Pachet fizioterapie ( 10 sedinte 3 proceduri) <\/li>\n                    <li>Laser onicomicoza 1 sedinta ( 1 regiune) <\/li>\n                    <li>Laser onicomicoza 5 sedinte ( 1 regiune)<\/li>\n                  <\/ul>\n                <\/div>\n              <\/div>\n            <\/div>\n          <\/div>\n        <\/div>\n      <\/div>\n    <\/section>\n    <section class=\"u-clearfix u-container-align-center u-section-5\" id=\"carousel_6733\">\n      <div class=\"u-clearfix u-sheet u-sheet-1\">\n        <div class=\"data-layout-selected u-clearfix u-expanded-width u-layout-wrap u-layout-wrap-1\">\n          <div class=\"u-layout\">\n            <div class=\"u-layout-row\">\n              <div class=\"u-container-style u-gradient u-layout-cell u-radius u-size-30-lg u-size-30-xl u-size-60-md u-size-60-sm u-size-60-xs u-layout-cell-1\" data-animation-name=\"customAnimationIn\" data-animation-duration=\"1500\" data-animation-delay=\"250\">\n                <div class=\"u-container-layout u-container-layout-1\">\n                  <h2 class=\"u-align-center u-text u-text-palette-3-light-1 u-text-1\">\n                    <span style=\"font-weight: 700;\"><\/span>Dr. Enciu Raluca-Dana\n                  <\/h2>\n                  <h2 class=\"u-align-center u-text u-text-body-alt-color u-text-2\">\n                    <span style=\"font-weight: 700;\"><\/span>Medic Specialist Recuperare Medical\u0103\n                  <\/h2>\n                  <img decoding=\"async\" class=\"u-border-2 u-border-white u-expanded-width u-image u-image-round u-preserve-proportions u-radius u-image-1\" src=\"https:\/\/sana.ro\/wp-content\/uploads\/2025\/04\/recuperare-mdicala.jpg\" alt=\"\" data-image-width=\"688\" data-image-height=\"533\">\n                  <p class=\"u-align-center u-text u-text-3\">\n                    <span style=\"font-weight: 700;\">PROGRAM:&nbsp;<\/span>\n                    <br>Luni-Vineri 8:00-18:00<br>S\u00e2mb\u0103t\u0103: 9:00-16:00\n                  <\/p>\n                  <a href=\"tel: 021 212 82 22\" class=\"u-active-palette-1-base u-align-left u-border-2 u-border-active-palette-1-base u-border-hover-palette-1-base u-border-palette-3-dark-1 u-btn u-btn-round u-button-style u-hover-palette-3-dark-1 u-none u-radius-5 u-text-active-white u-text-hover-white u-btn-1\" data-animation-name=\"\" data-animation-duration=\"0\" data-animation-delay=\"0\" data-animation-direction=\"\">PROGRAMEAZ\u0102-TE<\/a>\n                <\/div>\n              <\/div>\n              <div class=\"u-align-left u-container-style u-layout-cell u-size-30-lg u-size-30-xl u-size-60-md u-size-60-sm u-size-60-xs u-layout-cell-2\" data-animation-name=\"customAnimationIn\" data-animation-duration=\"1750\" data-animation-delay=\"500\">\n                <div class=\"u-container-layout u-container-layout-2\">\n                  <ul class=\"u-text u-text-4\">\n                    <li>\n                      <span style=\"font-weight: 700;\"><\/span>Consult \n                    <\/li>\n                    <li>Curenti diadinamici 1 sedinta <\/li>\n                    <li>Ultrasunet 1 sedinta <\/li>\n                    <li>Laserterapie (5 puncte) 1 sedinta <\/li>\n                    <li>Curent TENS 1 sedinta <\/li>\n                    <li>Curent TRABERT 1 sedinta <\/li>\n                    <li>Curenti exponentiali 1 sedinta <\/li>\n                    <li>Curenti interferentiali 1 sedinta <\/li>\n                    <li>Shock wave 1 sedinta <\/li>\n                    <li>Shock wave 3 sedinte <\/li>\n                    <li>Shock wave 5 sedinte <\/li>\n                    <li>Short wave ( terapie unde scurte) 1 sedinta <\/li>\n                    <li>Short wave ( terapie unde scurte) 10 sedinte <\/li>\n                    <li>Magnetodiaflux 1 sedinta <\/li>\n                    <li>Magnetodiaflux 5 sedinte <\/li>\n                    <li>Magnetodiaflux 10 sedinte <\/li>\n                    <li>Laser de inalta frecventa 5 sedinte <\/li>\n                    <li>Laser de inalta frecventa 10 sedinte <\/li>\n                    <li>Baie galvanica 5 sedinte <\/li>\n                    <li>Baie galvanica 10 sedinte <\/li>\n                    <li>Presoterapie ( drenaj limfatic) 1 sedinta 40 min <\/li>\n                    <li>Presoterapie ( drenaj limfatic) 5 sedinte 40 min <\/li>\n                    <li>Kinetoterape 1 sedinta 30 min <\/li>\n                    <li>Kinetoterape 5 sedinte 30 min <\/li>\n                    <li>kinetoterapie 10 sedinte 30 min <\/li>\n                    <li>Masaj terapeutic (segmentar) 1 sedinta 15 min <\/li>\n                    <li>Masaj terapeutic (segmentar) 5 sedinte 15 min <\/li>\n                    <li>Masaj terapeutic (segmentar) 10 sedinte 15 min <\/li>\n                    <li>Pachet fizioterapie ( 10 sedinte 3 proceduri) <\/li>\n                    <li>Laser onicomicoza 1 sedinta ( 1 regiune) <\/li>\n                    <li>Laser onicomicoza 5 sedinte ( 1 regiune)<\/li>\n                  <\/ul>\n                <\/div>\n              <\/div>\n            <\/div>\n          <\/div>\n        <\/div>\n      <\/div>\n    <\/section>\n    <section class=\"skrollable u-align-center u-clearfix u-image u-parallax u-section-6\" id=\"sec-b62f\" data-image-width=\"2560\" data-image-height=\"603\" style=\"background-image: url(&quot;https:\/\/sana.ro\/wp-content\/uploads\/2025\/03\/CM-Sana-FizioKinetoTerapie-scaled.jpg&quot;);\">\n      <div class=\"u-clearfix u-sheet u-valign-middle u-sheet-1\">\n        <div class=\"u-align-center u-container-style u-expanded-width-sm u-expanded-width-xs u-group u-opacity u-opacity-55 u-shape-rectangle u-white u-group-1\">\n          <div class=\"u-container-layout u-container-layout-1\">\n            <h2 class=\"u-custom-font u-font-oswald u-text u-text-default u-text-palette-1-base u-text-1\">Programare<\/h2>\n            <p class=\"u-text u-text-2\">Completa\u021bi c\u00e2mpurile d emai jos \u0219i v\u0103 vom contacta \u00een cel mai scurt timp <\/p>\n            <div class=\"u-form u-form-1\">\n              <form action=\"https:\/\/forms.nicepagesrv.com\/v2\/form\/process\" class=\"u-clearfix u-form-spacing-20 u-form-vertical u-inner-form\" style=\"padding: 0;\" source=\"email\" name=\"form\">\n                <div class=\"u-form-group u-form-name u-form-partition-factor-3 u-form-group-1\">\n                  <label for=\"name-d70e\" class=\"u-form-control-hidden u-label\">Name<\/label>\n                  <input type=\"text\" placeholder=\"Nume\" id=\"name-d70e\" name=\"name\" class=\"u-input u-input-rectangle\" required=\"\">\n                <\/div>\n                <div class=\"u-form-email u-form-group u-form-partition-factor-3 u-form-group-2\">\n                  <label for=\"email-d70e\" class=\"u-form-control-hidden u-label\">Email<\/label>\n                  <input type=\"email\" placeholder=\"E-mail\" id=\"email-d70e\" name=\"email\" class=\"u-input u-input-rectangle\" required=\"\">\n                <\/div>\n                <div class=\"u-form-group u-form-partition-factor-3 u-form-phone u-form-group-3\">\n                  <label for=\"phone-d5b3\" class=\"u-form-control-hidden u-label\"><\/label>\n                  <input type=\"tel\" pattern=\"\\+?\\d{0,3}[\\s\\(\\-]?([0-9]{2,3})[\\s\\)\\-]?([\\s\\-]?)([0-9]{3})[\\s\\-]?([0-9]{2})[\\s\\-]?([0-9]{2})\" placeholder=\"Telefon\" id=\"phone-d5b3\" name=\"phone\" class=\"u-input u-input-rectangle\" required=\"\">\n                <\/div>\n                <div class=\"u-form-group u-form-message u-form-group-4\">\n                  <label for=\"message-d70e\" class=\"u-form-control-hidden u-label\">Message<\/label>\n                  <textarea placeholder=\"Mesajul dumneavoastr\u0103\" rows=\"4\" cols=\"50\" id=\"message-d70e\" name=\"message\" class=\"u-input u-input-rectangle\" required=\"\"><\/textarea>\n                <\/div>\n                <div class=\"u-align-center u-form-group u-form-submit u-form-group-5\">\n                  <a href=\"#\" class=\"u-active-palette-2-dark-1 u-border-none u-btn u-btn-submit u-button-style u-hover-custom-color-1 u-palette-1-base u-btn-1\">TRIMITE<\/a>\n                  <input type=\"submit\" value=\"submit\" class=\"u-form-control-hidden\">\n                <\/div>\n                <div class=\"u-form-send-message u-form-send-success\">Multumim! Mesajul a fost trimis.<\/div>\n                <div class=\"u-form-send-error u-form-send-message\">Va rugam sa remediati erorile si sa retrimiteti.<\/div>\n                <input type=\"hidden\" value=\"\" name=\"recaptchaResponse\">\n                <input type=\"hidden\" name=\"formServices\" value=\"528acfe2-d379-e79d-e374-6d8dc4c28918\">\n              <\/form>\n            <\/div>\n          <\/div>\n        <\/div>\n      <\/div>\n    <\/section>\n    <section class=\"u-clearfix u-container-align-center u-palette-3-dark-1 u-section-7\" id=\"sec-72fd\">\n      <div class=\"u-clearfix u-sheet u-valign-middle-lg u-valign-middle-md u-valign-middle-xl u-sheet-1\">\n        <div class=\"data-layout-selected u-clearfix u-expanded-width u-layout-wrap u-layout-wrap-1\">\n          <div class=\"u-layout\">\n            <div class=\"u-layout-row\">\n              <div class=\"u-container-style u-layout-cell u-palette-3-dark-1 u-size-30 u-layout-cell-1\">\n                <div class=\"u-container-layout u-container-layout-1\">\n                  <img decoding=\"async\" class=\"u-image u-image-contain u-image-default u-image-1\" src=\"https:\/\/sana.ro\/wp-content\/uploads\/2025\/03\/sana-logo-alb-1.png\" alt=\"\" data-image-width=\"556\" data-image-height=\"337\" data-animation-name=\"customAnimationIn\" data-animation-duration=\"1000\" data-animation-delay=\"0\">\n                  <h3 class=\"u-align-center u-custom-font u-font-oswald u-text u-text-palette-1-base u-text-1\">Contact&nbsp;<\/h3>\n                  <p class=\"u-align-center u-custom-font u-font-oswald u-text u-text-2\">Adresa:<br>Str. Dr. Dumitru Sergiu, nr. 5, Sector 1, Bucure\u0219ti<br>Telefoane:&nbsp;&nbsp;<br>021.212.82.22 \u2022 0724.255.576<br>receptie@sana.ro<br>\n                    <span style=\"color: rgb(0, 0, 0);\"><\/span>\n                    <span class=\"u-text-palette-1-base\"><b>www.sana.ro<\/b>\n                    <\/span>\n                  <\/p>\n                  <h5 class=\"u-align-center u-custom-font u-font-oswald u-text u-text-3\">PROGRAM<\/h5>\n                  <p class=\"u-align-center u-custom-font u-font-oswald u-text u-text-4\">Luni - Vineri: 8:00 \u2013 22:00&nbsp;<br>S\u00e2mb\u0103t\u0103: 9:00 \u2013 16:00<br>Duminica: \u00cenchis\n                  <\/p>\n                <\/div>\n              <\/div>\n              <div class=\"u-container-align-center u-container-style u-layout-cell u-shape-rectangle u-size-30 u-layout-cell-2\">\n                <div class=\"u-container-layout u-container-layout-2\">\n                  <div class=\"u-absolute-hcenter u-expanded u-grey-light-2 u-map\">\n                    <div class=\"embed-responsive\">\n                      <iframe class=\"embed-responsive-item\" src=\"https:\/\/maps.google.com\/maps?output=embed&amp;q=Str.%20Dr.%20Dumitru%20Sergiu%2C%20nr.%205%2C%20Sector%201%2C%20Bucure%C8%99ti&amp;z=16&amp;t=m\" data-map=\"JTdCJTIyYWRkcmVzcyUyMiUzQSUyMlN0ci4lMjBEci4lMjBEdW1pdHJ1JTIwU2VyZ2l1JTJDJTIwbnIuJTIwNSUyQyUyMFNlY3RvciUyMDElMkMlMjBCdWN1cmUlQzglOTl0aSUyMiUyQyUyMnpvb20lMjIlM0ExNiUyQyUyMnR5cGVJZCUyMiUzQSUyMnJvYWQlMjIlMkMlMjJsYW5nJTIyJTNBbnVsbCUyQyUyMmFwaUtleSUyMiUzQW51bGwlMkMlMjJtYXJrZXJzJTIyJTNBJTVCJTVEJTdE\"><\/iframe>\n                    <\/div>\n                  <\/div>\n                <\/div>\n              <\/div>\n            <\/div>\n          <\/div>\n        <\/div>\n      <\/div>\n    <\/section>\n    \n    \n    \n    \n  \n<\/div>","protected":false},"excerpt":{"rendered":"<p>Recuperare medical\u0103 Planurile noastre de tratament sunt personalizate \u0219i realizate de speciali\u0219ti cu experien\u021b\u0103 \u00een domeniu.&nbsp;Evaluarea ini\u021bial\u0103 detaliat\u0103 ne ajut\u0103 [&hellip;]<\/p>\n","protected":false},"author":1,"featured_media":0,"parent":0,"menu_order":0,"comment_status":"closed","ping_status":"closed","template":"","meta":{"site-sidebar-layout":"default","site-content-layout":"","ast-site-content-layout":"default","site-content-style":"default","site-sidebar-style":"default","ast-global-header-display":"","ast-banner-title-visibility":"","ast-main-header-display":"","ast-hfb-above-header-display":"","ast-hfb-below-header-display":"","ast-hfb-mobile-header-display":"","site-post-title":"","ast-breadcrumbs-content":"","ast-featured-img":"","footer-sml-layout":"","theme-transparent-header-meta":"default","adv-header-id-meta":"","stick-header-meta":"","header-above-stick-meta":"","header-main-stick-meta":"","header-below-stick-meta":"","astra-migrate-meta-layouts":"set","ast-page-background-enabled":"default","ast-page-background-meta":{"desktop":{"background-color":"var(--ast-global-color-5)","background-image":"","background-repeat":"repeat","background-position":"center center","background-size":"auto","background-attachment":"scroll","background-type":"","background-media":"","overlay-type":"","overlay-color":"","overlay-opacity":"","overlay-gradient":""},"tablet":{"background-color":"","background-image":"","background-repeat":"repeat","background-position":"center center","background-size":"auto","background-attachment":"scroll","background-type":"","background-media":"","overlay-type":"","overlay-color":"","overlay-opacity":"","overlay-gradient":""},"mobile":{"background-color":"","background-image":"","background-repeat":"repeat","background-position":"center center","background-size":"auto","background-attachment":"scroll","background-type":"","background-media":"","overlay-type":"","overlay-color":"","overlay-opacity":"","overlay-gradient":""}},"ast-content-background-meta":{"desktop":{"background-color":"var(--ast-global-color-4)","background-image":"","background-repeat":"repeat","background-position":"center center","background-size":"auto","background-attachment":"scroll","background-type":"","background-media":"","overlay-type":"","overlay-color":"","overlay-opacity":"","overlay-gradient":""},"tablet":{"background-color":"var(--ast-global-color-4)","background-image":"","background-repeat":"repeat","background-position":"center center","background-size":"auto","background-attachment":"scroll","background-type":"","background-media":"","overlay-type":"","overlay-color":"","overlay-opacity":"","overlay-gradient":""},"mobile":{"background-color":"var(--ast-global-color-4)","background-image":"","background-repeat":"repeat","background-position":"center center","background-size":"auto","background-attachment":"scroll","background-type":"","background-media":"","overlay-type":"","overlay-color":"","overlay-opacity":"","overlay-gradient":""}},"footnotes":""},"class_list":["post-139","page","type-page","status-publish","hentry"],"_links":{"self":[{"href":"https:\/\/sana.ro\/index.php\/wp-json\/wp\/v2\/pages\/139","targetHints":{"allow":["GET"]}}],"collection":[{"href":"https:\/\/sana.ro\/index.php\/wp-json\/wp\/v2\/pages"}],"about":[{"href":"https:\/\/sana.ro\/index.php\/wp-json\/wp\/v2\/types\/page"}],"author":[{"embeddable":true,"href":"https:\/\/sana.ro\/index.php\/wp-json\/wp\/v2\/users\/1"}],"replies":[{"embeddable":true,"href":"https:\/\/sana.ro\/index.php\/wp-json\/wp\/v2\/comments?post=139"}],"version-history":[{"count":9,"href":"https:\/\/sana.ro\/index.php\/wp-json\/wp\/v2\/pages\/139\/revisions"}],"predecessor-version":[{"id":337,"href":"https:\/\/sana.ro\/index.php\/wp-json\/wp\/v2\/pages\/139\/revisions\/337"}],"wp:attachment":[{"href":"https:\/\/sana.ro\/index.php\/wp-json\/wp\/v2\/media?parent=139"}],"curies":[{"name":"wp","href":"https:\/\/api.w.org\/{rel}","templated":true}]}}