{"id":25,"date":"2025-02-28T19:02:28","date_gmt":"2025-02-28T19:02:28","guid":{"rendered":"https:\/\/sana.ro\/index.php\/contact\/"},"modified":"2025-04-24T16:29:40","modified_gmt":"2025-04-24T16:29:40","slug":"contact","status":"publish","type":"page","link":"https:\/\/sana.ro\/index.php\/contact\/","title":{"rendered":"Contact"},"content":{"rendered":"<div class=\"\" style=\"\" >\n    \n    <section class=\"skrollable u-align-center u-clearfix u-image u-parallax u-shading u-section-2\" id=\"sec-cf62\" data-image-width=\"2782\" data-image-height=\"1160\" style=\"background-image: linear-gradient(0deg, rgba(0, 0, 0, 0.05), rgba(0, 0, 0, 0.05)), url(&quot;https:\/\/sana.ro\/wp-content\/uploads\/2025\/03\/Sana-cladire-ok-scaled.jpg&quot;);\">\n      <div class=\"u-clearfix u-sheet u-sheet-1\">\n        <h1 class=\"u-align-center u-text u-text-default u-title u-text-1\">Contact <\/h1>\n        <a href=\"tel: 021 212 82 22\" class=\"u-active-palette-1-dark-2 u-align-center u-btn u-button-style u-hover-palette-1-dark-1 u-palette-2-base u-btn-1\" data-animation-name=\"customAnimationIn\" data-animation-duration=\"1000\" data-animation-delay=\"0\">sun\u0103 acum<\/a>\n      <\/div>\n    <\/section>\n    <section class=\"u-clearfix u-container-align-center u-palette-5-light-3 u-section-3\" id=\"carousel_1f2c\">\n      <div class=\"u-clearfix u-sheet u-valign-middle u-sheet-1\">\n        <div class=\"data-layout-selected u-clearfix u-expanded-width u-gutter-30 u-layout-wrap u-layout-wrap-1\">\n          <div class=\"u-layout\">\n            <div class=\"u-layout-row\">\n              <div class=\"u-align-center u-container-style u-layout-cell u-shape-rectangle u-size-30-lg u-size-30-xl u-size-60-md u-size-60-sm u-size-60-xs u-layout-cell-1\" data-animation-name=\"customAnimationIn\" data-animation-duration=\"1500\" data-animation-delay=\"200\">\n                <div class=\"u-container-layout u-container-layout-1\">\n                  <h2 class=\"u-text u-text-1\">Cum pute\u021bi ajunge la noi?<\/h2>\n                  <img decoding=\"async\" class=\"u-image u-image-contain u-image-default u-image-1\" src=\"https:\/\/sana.ro\/wp-content\/uploads\/2025\/03\/Sana-logo.png\" alt=\"\" data-image-width=\"499\" data-image-height=\"224\">\n                  <p class=\"u-text u-text-2\"> Situat\u0103 \u00een zona Pia\u021ba Victoriei din capital\u0103, <br>\u00eentr-o cl\u0103dire modern\u0103 dotat\u0103 cu cele mai <br>\u00eenalte standarde de confort \u0219i aparatur\u0103 medical\u0103, <br>CENTRUL MEDICAL SANA <br>v\u0103 ofer\u0103 servicii medicale specializate <br>al\u0103turi de o echip\u0103 de medici de renume.<br>\n                    <br>La Centrul Medical Sana pute\u021bi ajunge acces\u00e2nd <br>Sta\u021biile STB Dr. Felix, Pia\u021ba Buze\u0219ti sau Pia\u021ba Victoriei <br>Sta\u021bia de metrou Pia\u021ba Victoriei&nbsp;&nbsp;<br>\n                  <\/p>\n                <\/div>\n              <\/div>\n              <div class=\"u-container-style u-image u-layout-cell u-right-cell u-shape-rectangle u-size-30-lg u-size-30-xl u-size-60-md u-size-60-sm u-size-60-xs u-image-2\" data-image-width=\"1000\" data-image-height=\"1330\" data-animation-name=\"customAnimationIn\" data-animation-duration=\"1500\" data-animation-delay=\"200\" style=\"background-image: url(&quot;https:\/\/sana.ro\/wp-content\/uploads\/2025\/04\/sediu-sana.jpg&quot;);\">\n                <div class=\"u-container-layout u-valign-middle u-container-layout-2\"><\/div>\n              <\/div>\n            <\/div>\n          <\/div>\n        <\/div>\n      <\/div>\n      <style data-mode=\"XXL\">@media (max-width: 0px) {\n   .u-section-3 {\n    background-image: none;\n  }\n  .u-section-3 .u-sheet-1 {\n    min-height: 671px;\n  }\n  .u-section-3 .u-layout-wrap-1 {\n    margin-top: 60px;\n    margin-bottom: 60px;\n  }\n  .u-section-3 .u-layout-cell-1 {\n    min-height: 581px;\n    --animation-custom_in-translate_x: -300px;\n    --animation-custom_in-translate_y: 0px;\n    --animation-custom_in-opacity: 0;\n    --animation-custom_in-rotate: 0deg;\n    --animation-custom_in-scale: 1;\n  }\n  .u-section-3 .u-container-layout-1 {\n    padding-top: 30px;\n    padding-right: 30px;\n    padding-bottom: 30px;\n    padding-left: 0;\n  }\n  .u-block-2619-6 {\n    margin-top: 0;\n    margin-bottom: 0;\n    margin-left: 0;\n    margin-right: 0;\n  }\n  .u-section-3 .u-text-1 {\n    margin-top: 20px;\n    margin-right: 1px;\n    margin-bottom: 0;\n    margin-left: 0;\n  }\n  .u-block-2619-8 {\n    width: 108px;\n    height: 3px;\n    transform-origin: left center 0px;\n    margin-top: 30px;\n    margin-right: auto;\n    margin-bottom: 0;\n    margin-left: 0;\n  }\n  .u-section-3 .u-text-2 {\n    margin-top: 30px;\n    margin-right: 1px;\n    margin-bottom: 0;\n    margin-left: 0;\n  }\n  .u-block-2619-15 {\n    background-image: none;\n    padding-top: 0;\n    padding-bottom: 0;\n    padding-left: 0;\n    padding-right: 0;\n  }\n  .u-block-2619-10 {\n    font-size: 1rem;\n    letter-spacing: 2px;\n    text-transform: uppercase;\n    font-weight: 700;\n    --animation-custom_in-translate_x: 300px;\n    --animation-custom_in-translate_y: 0px;\n    margin-top: 30px;\n    margin-right: auto;\n    margin-bottom: 0;\n    margin-left: 0;\n    padding-top: 18px;\n    padding-right: 73px;\n    padding-bottom: 18px;\n    padding-left: 71px;\n  }\n  .u-section-3 .u-image-2 {\n    min-height: 581px;\n    background-position: 50% 50%;\n    background-repeat: no-repeat;\n    background-image: url(\"https:\/\/assets.nicepagecdn.com\/d2cc3eaa\/6401142\/images\/serious-man-while-shaving-him5.jpg\");\n    background-size: cover;\n    --animation-custom_in-translate_x: 300px;\n    --animation-custom_in-translate_y: 0px;\n    --animation-custom_in-opacity: 0;\n    --animation-custom_in-rotate: 0deg;\n    --animation-custom_in-scale: 1;\n  }\n  .u-section-3 .u-container-layout-2 {\n    padding-top: 30px;\n    padding-bottom: 30px;\n    padding-left: 30px;\n    padding-right: 30px;\n  }\n}<\/style>\n    <\/section>\n    <section class=\"u-clearfix u-container-align-center u-palette-3-dark-1 u-section-4\" id=\"sec-72fd\">\n      <div class=\"u-clearfix u-sheet u-valign-middle-lg u-valign-middle-md u-valign-middle-xl u-sheet-1\">\n        <div class=\"data-layout-selected u-clearfix u-expanded-width u-layout-wrap u-layout-wrap-1\">\n          <div class=\"u-layout\">\n            <div class=\"u-layout-row\">\n              <div class=\"u-container-style u-layout-cell u-palette-3-dark-1 u-size-30 u-layout-cell-1\">\n                <div class=\"u-container-layout u-container-layout-1\">\n                  <img decoding=\"async\" class=\"u-image u-image-contain u-image-default u-image-1\" src=\"https:\/\/sana.ro\/wp-content\/uploads\/2025\/03\/sana-logo-alb-1.png\" alt=\"\" data-image-width=\"556\" data-image-height=\"337\" data-animation-name=\"customAnimationIn\" data-animation-duration=\"1000\" data-animation-delay=\"0\">\n                  <h3 class=\"u-align-center u-custom-font u-font-oswald u-text u-text-palette-1-base u-text-1\">Contact&nbsp;<\/h3>\n                  <p class=\"u-align-center u-custom-font u-font-oswald u-text u-text-2\">Adresa:<br>Str. Dr. Dumitru Sergiu, nr. 5, Sector 1, Bucure\u0219ti<br>Telefoane:&nbsp;&nbsp;<br>021.212.82.22 \u2022 0724.255.576<br>receptie@sana.ro<br>\n                    <span style=\"color: rgb(0, 0, 0);\"><\/span>\n                    <span class=\"u-text-palette-1-base\"><b>www.sana.ro<\/b>\n                    <\/span>\n                  <\/p>\n                  <h5 class=\"u-align-center u-custom-font u-font-oswald u-text u-text-3\">PROGRAM<\/h5>\n                  <p class=\"u-align-center u-custom-font u-font-oswald u-text u-text-4\">Luni - Vineri: 8:00 \u2013 22:00&nbsp;<br>S\u00e2mb\u0103t\u0103: 9:00 \u2013 16:00<br>Duminica: \u00cenchis\n                  <\/p>\n                <\/div>\n              <\/div>\n              <div class=\"u-container-align-center u-container-style u-layout-cell u-shape-rectangle u-size-30 u-layout-cell-2\">\n                <div class=\"u-container-layout u-container-layout-2\">\n                  <div class=\"u-absolute-hcenter u-expanded u-grey-light-2 u-map\">\n                    <div class=\"embed-responsive\">\n                      <iframe class=\"embed-responsive-item\" src=\"https:\/\/maps.google.com\/maps?output=embed&amp;q=Str.%20Dr.%20Dumitru%20Sergiu%2C%20nr.%205%2C%20Sector%201%2C%20Bucure%C8%99ti&amp;z=16&amp;t=m\" data-map=\"JTdCJTIyYWRkcmVzcyUyMiUzQSUyMlN0ci4lMjBEci4lMjBEdW1pdHJ1JTIwU2VyZ2l1JTJDJTIwbnIuJTIwNSUyQyUyMFNlY3RvciUyMDElMkMlMjBCdWN1cmUlQzglOTl0aSUyMiUyQyUyMnpvb20lMjIlM0ExNiUyQyUyMnR5cGVJZCUyMiUzQSUyMnJvYWQlMjIlMkMlMjJsYW5nJTIyJTNBbnVsbCUyQyUyMmFwaUtleSUyMiUzQW51bGwlMkMlMjJtYXJrZXJzJTIyJTNBJTVCJTVEJTdE\"><\/iframe>\n                    <\/div>\n                  <\/div>\n                <\/div>\n              <\/div>\n            <\/div>\n          <\/div>\n        <\/div>\n      <\/div>\n    <\/section>\n    \n    \n    \n    \n  \n<\/div>","protected":false},"excerpt":{"rendered":"<p>Contact sun\u0103 acum Cum pute\u021bi ajunge la noi? Situat\u0103 \u00een zona Pia\u021ba Victoriei din capital\u0103, \u00eentr-o cl\u0103dire modern\u0103 dotat\u0103 cu [&hellip;]<\/p>\n","protected":false},"author":1,"featured_media":0,"parent":0,"menu_order":2,"comment_status":"closed","ping_status":"closed","template":"","meta":{"site-sidebar-layout":"default","site-content-layout":"","ast-site-content-layout":"","site-content-style":"default","site-sidebar-style":"default","ast-global-header-display":"","ast-banner-title-visibility":"","ast-main-header-display":"","ast-hfb-above-header-display":"","ast-hfb-below-header-display":"","ast-hfb-mobile-header-display":"","site-post-title":"","ast-breadcrumbs-content":"","ast-featured-img":"","footer-sml-layout":"","theme-transparent-header-meta":"","adv-header-id-meta":"","stick-header-meta":"","header-above-stick-meta":"","header-main-stick-meta":"","header-below-stick-meta":"","astra-migrate-meta-layouts":"default","ast-page-background-enabled":"default","ast-page-background-meta":{"desktop":{"background-color":"var(--ast-global-color-5)","background-image":"","background-repeat":"repeat","background-position":"center center","background-size":"auto","background-attachment":"scroll","background-type":"","background-media":"","overlay-type":"","overlay-color":"","overlay-opacity":"","overlay-gradient":""},"tablet":{"background-color":"","background-image":"","background-repeat":"repeat","background-position":"center center","background-size":"auto","background-attachment":"scroll","background-type":"","background-media":"","overlay-type":"","overlay-color":"","overlay-opacity":"","overlay-gradient":""},"mobile":{"background-color":"","background-image":"","background-repeat":"repeat","background-position":"center center","background-size":"auto","background-attachment":"scroll","background-type":"","background-media":"","overlay-type":"","overlay-color":"","overlay-opacity":"","overlay-gradient":""}},"ast-content-background-meta":{"desktop":{"background-color":"var(--ast-global-color-4)","background-image":"","background-repeat":"repeat","background-position":"center center","background-size":"auto","background-attachment":"scroll","background-type":"","background-media":"","overlay-type":"","overlay-color":"","overlay-opacity":"","overlay-gradient":""},"tablet":{"background-color":"var(--ast-global-color-4)","background-image":"","background-repeat":"repeat","background-position":"center center","background-size":"auto","background-attachment":"scroll","background-type":"","background-media":"","overlay-type":"","overlay-color":"","overlay-opacity":"","overlay-gradient":""},"mobile":{"background-color":"var(--ast-global-color-4)","background-image":"","background-repeat":"repeat","background-position":"center center","background-size":"auto","background-attachment":"scroll","background-type":"","background-media":"","overlay-type":"","overlay-color":"","overlay-opacity":"","overlay-gradient":""}},"footnotes":""},"class_list":["post-25","page","type-page","status-publish","hentry"],"_links":{"self":[{"href":"https:\/\/sana.ro\/index.php\/wp-json\/wp\/v2\/pages\/25","targetHints":{"allow":["GET"]}}],"collection":[{"href":"https:\/\/sana.ro\/index.php\/wp-json\/wp\/v2\/pages"}],"about":[{"href":"https:\/\/sana.ro\/index.php\/wp-json\/wp\/v2\/types\/page"}],"author":[{"embeddable":true,"href":"https:\/\/sana.ro\/index.php\/wp-json\/wp\/v2\/users\/1"}],"replies":[{"embeddable":true,"href":"https:\/\/sana.ro\/index.php\/wp-json\/wp\/v2\/comments?post=25"}],"version-history":[{"count":6,"href":"https:\/\/sana.ro\/index.php\/wp-json\/wp\/v2\/pages\/25\/revisions"}],"predecessor-version":[{"id":222,"href":"https:\/\/sana.ro\/index.php\/wp-json\/wp\/v2\/pages\/25\/revisions\/222"}],"wp:attachment":[{"href":"https:\/\/sana.ro\/index.php\/wp-json\/wp\/v2\/media?parent=25"}],"curies":[{"name":"wp","href":"https:\/\/api.w.org\/{rel}","templated":true}]}}