{"id":559,"date":"2025-05-21T21:20:49","date_gmt":"2025-05-21T21:20:49","guid":{"rendered":"https:\/\/sana.ro\/?page_id=559"},"modified":"2025-05-22T20:44:58","modified_gmt":"2025-05-22T20:44:58","slug":"recuperare-3","status":"publish","type":"page","link":"https:\/\/sana.ro\/index.php\/recuperare-3\/","title":{"rendered":"Recuperare"},"content":{"rendered":"<div class=\"\" style=\"\" >\n    \n    <section class=\"skrollable u-align-center u-clearfix u-image u-parallax u-shading u-section-2\" id=\"sec-cf62\" data-image-width=\"1000\" data-image-height=\"667\" style=\"background-image: linear-gradient(0deg, rgba(1, 114, 178, 0.65), rgba(1, 114, 178, 0.65)), url(&quot;https:\/\/sana.ro\/wp-content\/uploads\/2025\/05\/recuperare-mare.jpg&quot;);\">\n      <div class=\"u-clearfix u-sheet u-sheet-1\">\n        <h1 class=\"u-align-center u-text u-text-default u-title u-text-1\">Recuperare fizic\u0103 \u0219i<br>Reabilitare medical\u0103\n        <\/h1>\n        <h6 class=\"u-align-center u-text u-text-default u-text-2\"> Recuperarea fizic\u0103 \u0219i reabilitarea medical\u0103\neste o specialitate medical\u0103 care are ca scop restabilirea func\u021biilor pierdute\nsau afectate \u00een urma unor boli, traumatisme, interven\u021bii chirurgicale sau\nafec\u021biuni neurologice, ortopedice \u0219i reumatologice.&nbsp;<br>\n          <br>Se desf\u0103\u0219oar\u0103 at\u00e2t \u00een regim\nambulatoriu, c\u00e2t \u0219i \u00een sta\u021bionar, \u0219i vizeaz\u0103 reintegrarea pacientului \u00een\nactivitatea cotidian\u0103 \u0219i profesional\u0103.\n        <\/h6>\n        <a href=\"tel:0724255576\" class=\"u-active-palette-1-dark-2 u-align-center u-btn u-button-style u-hover-custom-color-3 u-palette-2-base u-radius u-btn-1\" data-animation-name=\"customAnimationIn\" data-animation-duration=\"1000\" data-animation-delay=\"0\">SUN\u0102 ACUM<\/a>\n      <\/div>\n    <\/section>\n    <section class=\"u-clearfix u-container-align-center u-section-3\" id=\"carousel_803d\">\n      <div class=\"u-clearfix u-sheet u-sheet-1\">\n        <div class=\"data-layout-selected u-clearfix u-expanded-width u-layout-wrap u-layout-wrap-1\">\n          <div class=\"u-layout\">\n            <div class=\"u-layout-row\">\n              <div class=\"u-container-style u-gradient u-layout-cell u-radius u-size-30-lg u-size-30-xl u-size-60-md u-size-60-sm u-size-60-xs u-layout-cell-1\" data-animation-name=\"customAnimationIn\" data-animation-duration=\"1500\" data-animation-delay=\"250\">\n                <div class=\"u-container-layout u-container-layout-1\">\n                  <h2 class=\"u-align-center u-text u-text-palette-3-light-1 u-text-1\">\n                    <span style=\"font-weight: 700;\"><\/span>Dr. Toncea Milena\n                  <\/h2>\n                  <h2 class=\"u-align-center u-text u-text-body-alt-color u-text-2\">\n                    <span style=\"font-weight: 700;\"><\/span>Medic Specialist&nbsp; Recuperare Medical\u0103\n                  <\/h2>\n                  <img decoding=\"async\" class=\"u-border-2 u-border-white u-expanded-width u-image u-image-round u-preserve-proportions u-radius u-image-1\" src=\"https:\/\/sana.ro\/wp-content\/uploads\/2025\/05\/Dr.TonceaMilena.jpg\" alt=\"\" data-image-width=\"1080\" data-image-height=\"1412\">\n                  <img decoding=\"async\" class=\"u-image u-image-contain u-image-default u-preserve-proportions u-image-2\" src=\"https:\/\/sana.ro\/wp-content\/uploads\/2025\/05\/cnas-prin-sana.png\" alt=\"\" data-image-width=\"127\" data-image-height=\"72\">\n                  <p class=\"u-align-center u-text u-text-3\">\n                    <span style=\"font-weight: 700;\">PROGRAM:&nbsp;<\/span>\n                    <br>Luni-Vineri: 8:00-14:00<br>\n                    <br>\n                  <\/p>\n                  <a href=\"tel:0724255576\" class=\"u-active-palette-1-base u-align-left u-border-2 u-border-active-palette-1-base u-border-hover-palette-1-base u-border-palette-3-dark-1 u-btn u-btn-round u-button-style u-hover-palette-3-dark-1 u-none u-radius-5 u-text-active-white u-text-hover-white u-btn-1\" data-animation-name=\"\" data-animation-duration=\"0\" data-animation-delay=\"0\" data-animation-direction=\"\">PROGRAMEAZ\u0102-TE<\/a>\n                <\/div>\n              <\/div>\n              <div class=\"u-align-left u-container-style u-layout-cell u-size-30-lg u-size-30-xl u-size-60-md u-size-60-sm u-size-60-xs u-layout-cell-2\" data-animation-name=\"customAnimationIn\" data-animation-duration=\"1750\" data-animation-delay=\"500\">\n                <div class=\"u-container-layout u-valign-top u-container-layout-2\">\n                  <p class=\"u-text u-text-4\">\n                    <span style=\"font-weight: 700;\"><\/span><b>Servicii oferite \u00een ambulatoriul de\nrecuperare medical\u0103:<\/b>\n                    <br>\n                    <br>-&nbsp;Consulta\u021bii de specialitate \u0219i evaluare func\u021bional\u0103<br> - Elaborarea planului individual de recuperare<br> - Kinetoterapie (gimnastic\u0103 medical\u0103)<br> - Fizioterapie (electroterapie, ultrasunete, laser,\n     curen\u021bi, etc.)<br> - Masaj terapeutic<br> - Termoterapie \u0219i hidroterapie (unde este disponibil)<br> - Ergoterapie \u0219i educa\u021bie postural\u0103<br> - Reabilitare neuromotorie \u0219i ortopedic\u0103<br> - Monitorizarea progresului func\u021bional<br>\n                    <br>\n                    <br><b>Indica\u021bii frecvente:<\/b>&nbsp;<br>\n                    <br>- Afec\u021biuni ale aparatului locomotor: entorse, fracturi,\n     artroze, scolioze<br> - Boli neurologice: accidente vasculare cerebrale\n     (AVC), scleroz\u0103 multipl\u0103, Parkinson<br> - Afec\u021biuni reumatologice: poliartrit\u0103 reumatoid\u0103,\n     spondilit\u0103 anchilozant\u0103<br> - Recuperare post-operatorie (ortopedic\u0103,\n     neurochirurgical\u0103)<br> - Reeducare respiratorie \u0219i cardiovascular\u0103\n                  <\/p>\n                <\/div>\n              <\/div>\n            <\/div>\n          <\/div>\n        <\/div>\n      <\/div>\n    <\/section>\n    <section class=\"u-clearfix u-container-align-center u-section-4\" id=\"sec-ffed\">\n      <div class=\"u-clearfix u-sheet u-sheet-1\">\n        <div class=\"data-layout-selected u-clearfix u-expanded-width u-layout-wrap u-layout-wrap-1\">\n          <div class=\"u-layout\">\n            <div class=\"u-layout-row\">\n              <div class=\"u-container-style u-gradient u-layout-cell u-radius u-size-30-lg u-size-30-xl u-size-60-md u-size-60-sm u-size-60-xs u-layout-cell-1\" data-animation-name=\"customAnimationIn\" data-animation-duration=\"1500\" data-animation-delay=\"250\">\n                <div class=\"u-container-layout u-container-layout-1\">\n                  <h2 class=\"u-align-center u-text u-text-palette-3-light-1 u-text-1\">\n                    <span style=\"font-weight: 700;\"><\/span>Dr. Dochi\u021b\u0103 Rodica\n                  <\/h2>\n                  <h2 class=\"u-align-center u-text u-text-body-alt-color u-text-2\">\n                    <span style=\"font-weight: 700;\"><\/span>Medic Specialist Recuperare Medical\u0103\n                  <\/h2>\n                  <img decoding=\"async\" class=\"u-border-2 u-border-white u-expanded-width u-image u-image-round u-preserve-proportions u-radius u-image-1\" src=\"https:\/\/sana.ro\/wp-content\/uploads\/2025\/05\/DrDochitaRodica_recuperare.png\" alt=\"\" data-image-width=\"496\" data-image-height=\"496\">\n                  <img decoding=\"async\" class=\"u-align-center u-image u-image-contain u-image-default u-preserve-proportions u-image-2\" src=\"https:\/\/sana.ro\/wp-content\/uploads\/2025\/05\/cnas-prin-sana.png\" alt=\"\" data-image-width=\"127\" data-image-height=\"72\">\n                  <p class=\"u-align-center u-text u-text-3\">\n                    <span style=\"font-weight: 700;\">PROGRAM:&nbsp;<\/span>\n                    <br>Luni-Vineri: 18:30-22:00<br>\n                  <\/p>\n                  <a href=\"tel:0724255576\" class=\"u-active-palette-1-base u-align-center u-border-2 u-border-active-palette-1-base u-border-hover-palette-1-base u-border-palette-3-dark-1 u-btn u-btn-round u-button-style u-hover-palette-3-dark-1 u-none u-radius-5 u-text-active-white u-text-hover-white u-btn-1\" data-animation-name=\"\" data-animation-duration=\"0\" data-animation-delay=\"0\" data-animation-direction=\"\">PROGRAMEAZ\u0102-TE<\/a>\n                <\/div>\n              <\/div>\n              <div class=\"u-align-left u-container-style u-layout-cell u-size-30-lg u-size-30-xl u-size-60-md u-size-60-sm u-size-60-xs u-layout-cell-2\" data-animation-name=\"customAnimationIn\" data-animation-duration=\"1750\" data-animation-delay=\"500\">\n                <div class=\"u-container-layout u-valign-top u-container-layout-2\">\n                  <p class=\"u-text u-text-4\">\n                    <span style=\"font-weight: 700;\"><\/span><b>Servicii oferite \u00een ambulatoriul de\nrecuperare medical\u0103:<\/b>\n                    <br>\n                    <br>-&nbsp;Consulta\u021bii de specialitate \u0219i evaluare func\u021bional\u0103<br> - Elaborarea planului individual de recuperare<br> - Kinetoterapie (gimnastic\u0103 medical\u0103)<br> - Fizioterapie (electroterapie, ultrasunete, laser,\n     curen\u021bi, etc.)<br> - Masaj terapeutic<br> - Termoterapie \u0219i hidroterapie (unde este disponibil)<br> - Ergoterapie \u0219i educa\u021bie postural\u0103<br> - Reabilitare neuromotorie \u0219i ortopedic\u0103<br> - Monitorizarea progresului func\u021bional<br>\n                    <br>\n                    <br><b>Indica\u021bii frecvente:<\/b>&nbsp;<br>\n                    <br>- Afec\u021biuni ale aparatului locomotor: entorse, fracturi,\n     artroze, scolioze<br> - Boli neurologice: accidente vasculare cerebrale\n     (AVC), scleroz\u0103 multipl\u0103, Parkinson<br> - Afec\u021biuni reumatologice: poliartrit\u0103 reumatoid\u0103,\n     spondilit\u0103 anchilozant\u0103<br> - Recuperare post-operatorie (ortopedic\u0103,\n     neurochirurgical\u0103)<br> - Reeducare respiratorie \u0219i cardiovascular\u0103\n                  <\/p>\n                <\/div>\n              <\/div>\n            <\/div>\n          <\/div>\n        <\/div>\n      <\/div>\n    <\/section>\n    <section class=\"u-clearfix u-container-align-center u-section-5\" id=\"sec-fa62\">\n      <div class=\"u-clearfix u-sheet u-sheet-1\">\n        <div class=\"data-layout-selected u-clearfix u-expanded-width u-layout-wrap u-layout-wrap-1\">\n          <div class=\"u-layout\">\n            <div class=\"u-layout-row\">\n              <div class=\"u-container-style u-gradient u-layout-cell u-radius u-size-30-lg u-size-30-xl u-size-60-md u-size-60-sm u-size-60-xs u-layout-cell-1\" data-animation-name=\"customAnimationIn\" data-animation-duration=\"1500\" data-animation-delay=\"250\">\n                <div class=\"u-container-layout u-container-layout-1\">\n                  <h2 class=\"u-align-center u-text u-text-palette-3-light-1 u-text-1\">\n                    <span style=\"font-weight: 700;\"><\/span>Dr. Enciu Raluca\n                  <\/h2>\n                  <h2 class=\"u-align-center u-text u-text-body-alt-color u-text-2\">\n                    <span style=\"font-weight: 700;\"><\/span>Medic Primar Recuperare Medical\u0103\n                  <\/h2>\n                  <img decoding=\"async\" class=\"u-border-2 u-border-white u-expanded-width u-image u-image-round u-preserve-proportions u-radius u-image-1\" src=\"https:\/\/sana.ro\/wp-content\/uploads\/2025\/05\/recuperare-mic.jpg\" alt=\"\" data-image-width=\"625\" data-image-height=\"400\">\n                  <p class=\"u-align-center u-text u-text-3\">\n                    <span style=\"font-weight: 700;\">PROGRAM:&nbsp;<\/span>\n                    <br>Luni-Vineri: 15:30-18:30<br>\n                    <br>\n                  <\/p>\n                  <a href=\"tel: 021 212 82 22\" class=\"u-active-palette-1-base u-align-left u-border-2 u-border-active-palette-1-base u-border-hover-palette-1-base u-border-palette-3-dark-1 u-btn u-btn-round u-button-style u-hover-palette-3-dark-1 u-none u-radius-5 u-text-active-white u-text-hover-white u-btn-1\" data-animation-name=\"\" data-animation-duration=\"0\" data-animation-delay=\"0\" data-animation-direction=\"\">PROGRAMEAZ\u0102-TE<\/a>\n                <\/div>\n              <\/div>\n              <div class=\"u-align-left u-container-style u-layout-cell u-size-30-lg u-size-30-xl u-size-60-md u-size-60-sm u-size-60-xs u-layout-cell-2\" data-animation-name=\"customAnimationIn\" data-animation-duration=\"1750\" data-animation-delay=\"500\">\n                <div class=\"u-container-layout u-valign-top u-container-layout-2\">\n                  <p class=\"u-text u-text-4\">\n                    <span style=\"font-weight: 700;\"><\/span><b>Servicii oferite \u00een ambulatoriul de\nrecuperare medical\u0103:<\/b>\n                    <br>\n                    <br>-&nbsp;Consulta\u021bii de specialitate \u0219i evaluare func\u021bional\u0103<br> - Elaborarea planului individual de recuperare<br> - Kinetoterapie (gimnastic\u0103 medical\u0103)<br> - Fizioterapie (electroterapie, ultrasunete, laser,\n     curen\u021bi, etc.)<br> - Masaj terapeutic<br> - Termoterapie \u0219i hidroterapie (unde este disponibil)<br> - Ergoterapie \u0219i educa\u021bie postural\u0103<br> - Reabilitare neuromotorie \u0219i ortopedic\u0103<br> - Monitorizarea progresului func\u021bional<br>\n                    <br>\n                    <br><b>Indica\u021bii frecvente:<\/b>&nbsp;<br>\n                    <br>- Afec\u021biuni ale aparatului locomotor: entorse, fracturi,\n     artroze, scolioze<br> - Boli neurologice: accidente vasculare cerebrale\n     (AVC), scleroz\u0103 multipl\u0103, Parkinson<br> - Afec\u021biuni reumatologice: poliartrit\u0103 reumatoid\u0103,\n     spondilit\u0103 anchilozant\u0103<br> - Recuperare post-operatorie (ortopedic\u0103,\n     neurochirurgical\u0103)<br> - Reeducare respiratorie \u0219i cardiovascular\u0103\n                  <\/p>\n                <\/div>\n              <\/div>\n            <\/div>\n          <\/div>\n        <\/div>\n      <\/div>\n    <\/section>\n    <section class=\"skrollable u-align-center u-clearfix u-image u-parallax u-section-6\" id=\"sec-b62f\" data-image-width=\"1000\" data-image-height=\"667\" style=\"background-image: url(&quot;https:\/\/sana.ro\/wp-content\/uploads\/2025\/05\/recuperare-mare.jpg&quot;);\">\n      <div class=\"u-clearfix u-sheet u-valign-middle-lg u-valign-middle-md u-valign-middle-sm u-valign-middle-xl u-sheet-1\">\n        <div class=\"u-align-center u-container-style u-expanded-width-sm u-expanded-width-xs u-group u-opacity u-opacity-55 u-shape-rectangle u-white u-group-1\">\n          <div class=\"u-container-layout u-container-layout-1\">\n            <h2 class=\"u-custom-font u-font-oswald u-text u-text-default u-text-palette-1-base u-text-1\">Programare<\/h2>\n            <p class=\"u-text u-text-2\">Completa\u021bi c\u00e2mpurile de mai jos \u0219i v\u0103 vom contacta \u00een cel mai scurt timp <\/p>\n            <div class=\"u-form u-form-1\">\n              <form action=\"https:\/\/forms.nicepagesrv.com\/v2\/form\/process\" class=\"u-clearfix u-form-spacing-20 u-form-vertical u-inner-form\" style=\"padding: 0;\" source=\"email\" name=\"form\">\n                <div class=\"u-form-group u-form-name u-form-partition-factor-3 u-form-group-1\">\n                  <label for=\"name-d70e\" class=\"u-form-control-hidden u-label\">Name<\/label>\n                  <input type=\"text\" placeholder=\"Nume\" id=\"name-d70e\" name=\"name\" class=\"u-input u-input-rectangle\" required=\"\">\n                <\/div>\n                <div class=\"u-form-email u-form-group u-form-partition-factor-3 u-form-group-2\">\n                  <label for=\"email-d70e\" class=\"u-form-control-hidden u-label\">Email<\/label>\n                  <input type=\"email\" placeholder=\"E-mail\" id=\"email-d70e\" name=\"email\" class=\"u-input u-input-rectangle\" required=\"\">\n                <\/div>\n                <div class=\"u-form-group u-form-partition-factor-3 u-form-phone u-form-group-3\">\n                  <label for=\"phone-d5b3\" class=\"u-form-control-hidden u-label\"><\/label>\n                  <input type=\"tel\" pattern=\"\\+?\\d{0,3}[\\s\\(\\-]?([0-9]{2,3})[\\s\\)\\-]?([\\s\\-]?)([0-9]{3})[\\s\\-]?([0-9]{2})[\\s\\-]?([0-9]{2})\" placeholder=\"Telefon\" id=\"phone-d5b3\" name=\"phone\" class=\"u-input u-input-rectangle\" required=\"\">\n                <\/div>\n                <div class=\"u-form-group u-form-message u-form-group-4\">\n                  <label for=\"message-d70e\" class=\"u-form-control-hidden u-label\">Message<\/label>\n                  <textarea placeholder=\"Mesajul dumneavoastr\u0103\" rows=\"4\" cols=\"50\" id=\"message-d70e\" name=\"message\" class=\"u-input u-input-rectangle\" required=\"\"><\/textarea>\n                <\/div>\n                <div class=\"u-align-center u-form-group u-form-submit u-form-group-5\">\n                  <a href=\"#\" class=\"u-active-palette-2-dark-1 u-border-none u-btn u-btn-submit u-button-style u-hover-custom-color-1 u-palette-1-base u-btn-1\">TRIMITE<\/a>\n                  <input type=\"submit\" value=\"submit\" class=\"u-form-control-hidden\">\n                <\/div>\n                <div class=\"u-form-send-message u-form-send-success\">Multumim! Mesajul a fost trimis.<\/div>\n                <div class=\"u-form-send-error u-form-send-message\">Va rugam sa remediati erorile si sa retrimiteti.<\/div>\n                <input type=\"hidden\" value=\"\" name=\"recaptchaResponse\">\n                <input type=\"hidden\" name=\"formServices\" value=\"528acfe2-d379-e79d-e374-6d8dc4c28918\">\n              <\/form>\n            <\/div>\n          <\/div>\n        <\/div>\n      <\/div>\n    <\/section>\n    <section class=\"u-clearfix u-container-align-center u-palette-3-dark-1 u-section-7\" id=\"sec-72fd\">\n      <div class=\"u-clearfix u-sheet u-valign-middle-lg u-valign-middle-md u-valign-middle-xl u-sheet-1\">\n        <div class=\"data-layout-selected u-clearfix u-expanded-width u-layout-wrap u-layout-wrap-1\">\n          <div class=\"u-layout\">\n            <div class=\"u-layout-row\">\n              <div class=\"u-container-style u-layout-cell u-palette-3-dark-1 u-size-30 u-layout-cell-1\">\n                <div class=\"u-container-layout u-container-layout-1\">\n                  <img decoding=\"async\" class=\"u-image u-image-contain u-image-default u-image-1\" src=\"https:\/\/sana.ro\/wp-content\/uploads\/2025\/03\/sana-logo-alb-1.png\" alt=\"\" data-image-width=\"556\" data-image-height=\"337\" data-animation-name=\"customAnimationIn\" data-animation-duration=\"1000\" data-animation-delay=\"0\">\n                  <h3 class=\"u-align-center u-custom-font u-font-oswald u-text u-text-palette-1-base u-text-1\">Contact&nbsp;<\/h3>\n                  <p class=\"u-align-center u-custom-font u-font-oswald u-text u-text-2\">Adresa:<br>Str. Dr. Dumitru Sergiu, nr. 5, Sector 1, Bucure\u0219ti<br>Telefoane:&nbsp;&nbsp;<br>021.212.82.22 \u2022 0724.255.576<br>receptie@sana.ro<br>\n                    <span style=\"color: rgb(0, 0, 0);\"><\/span>\n                    <span class=\"u-text-palette-1-base\"><b>www.sana.ro<\/b>\n                    <\/span>\n                  <\/p>\n                  <h5 class=\"u-align-center u-custom-font u-font-oswald u-text u-text-3\">PROGRAM<\/h5>\n                  <p class=\"u-align-center u-custom-font u-font-oswald u-text u-text-4\">Luni - Vineri: 8:00 \u2013 22:00&nbsp;<br>S\u00e2mb\u0103t\u0103: 9:00 \u2013 16:00<br>Duminica: \u00cenchis\n                  <\/p>\n                <\/div>\n              <\/div>\n              <div class=\"u-container-align-center u-container-style u-layout-cell u-shape-rectangle u-size-30 u-layout-cell-2\">\n                <div class=\"u-container-layout u-container-layout-2\">\n                  <div class=\"u-absolute-hcenter u-expanded u-grey-light-2 u-map\">\n                    <div class=\"embed-responsive\">\n                      <iframe class=\"embed-responsive-item\" src=\"https:\/\/maps.google.com\/maps?output=embed&amp;q=Str.%20Dr.%20Dumitru%20Sergiu%2C%20nr.%205%2C%20Sector%201%2C%20Bucure%C8%99ti&amp;z=16&amp;t=m\" data-map=\"JTdCJTIyYWRkcmVzcyUyMiUzQSUyMlN0ci4lMjBEci4lMjBEdW1pdHJ1JTIwU2VyZ2l1JTJDJTIwbnIuJTIwNSUyQyUyMFNlY3RvciUyMDElMkMlMjBCdWN1cmUlQzglOTl0aSUyMiUyQyUyMnpvb20lMjIlM0ExNiUyQyUyMnR5cGVJZCUyMiUzQSUyMnJvYWQlMjIlMkMlMjJsYW5nJTIyJTNBbnVsbCUyQyUyMmFwaUtleSUyMiUzQW51bGwlMkMlMjJtYXJrZXJzJTIyJTNBJTVCJTVEJTdE\"><\/iframe>\n                    <\/div>\n                  <\/div>\n                <\/div>\n              <\/div>\n            <\/div>\n          <\/div>\n        <\/div>\n      <\/div>\n    <\/section>\n    \n    \n    \n    \n  \n<\/div>","protected":false},"excerpt":{"rendered":"<p>Recuperare fizic\u0103 \u0219iReabilitare medical\u0103 Recuperarea fizic\u0103 \u0219i reabilitarea medical\u0103 este o specialitate medical\u0103 care are ca scop restabilirea func\u021biilor pierdute [&hellip;]<\/p>\n","protected":false},"author":1,"featured_media":0,"parent":0,"menu_order":0,"comment_status":"closed","ping_status":"closed","template":"","meta":{"site-sidebar-layout":"default","site-content-layout":"","ast-site-content-layout":"default","site-content-style":"default","site-sidebar-style":"default","ast-global-header-display":"","ast-banner-title-visibility":"","ast-main-header-display":"","ast-hfb-above-header-display":"","ast-hfb-below-header-display":"","ast-hfb-mobile-header-display":"","site-post-title":"","ast-breadcrumbs-content":"","ast-featured-img":"","footer-sml-layout":"","theme-transparent-header-meta":"default","adv-header-id-meta":"","stick-header-meta":"","header-above-stick-meta":"","header-main-stick-meta":"","header-below-stick-meta":"","astra-migrate-meta-layouts":"set","ast-page-background-enabled":"default","ast-page-background-meta":{"desktop":{"background-color":"var(--ast-global-color-5)","background-image":"","background-repeat":"repeat","background-position":"center center","background-size":"auto","background-attachment":"scroll","background-type":"","background-media":"","overlay-type":"","overlay-color":"","overlay-opacity":"","overlay-gradient":""},"tablet":{"background-color":"","background-image":"","background-repeat":"repeat","background-position":"center center","background-size":"auto","background-attachment":"scroll","background-type":"","background-media":"","overlay-type":"","overlay-color":"","overlay-opacity":"","overlay-gradient":""},"mobile":{"background-color":"","background-image":"","background-repeat":"repeat","background-position":"center center","background-size":"auto","background-attachment":"scroll","background-type":"","background-media":"","overlay-type":"","overlay-color":"","overlay-opacity":"","overlay-gradient":""}},"ast-content-background-meta":{"desktop":{"background-color":"var(--ast-global-color-4)","background-image":"","background-repeat":"repeat","background-position":"center center","background-size":"auto","background-attachment":"scroll","background-type":"","background-media":"","overlay-type":"","overlay-color":"","overlay-opacity":"","overlay-gradient":""},"tablet":{"background-color":"var(--ast-global-color-4)","background-image":"","background-repeat":"repeat","background-position":"center center","background-size":"auto","background-attachment":"scroll","background-type":"","background-media":"","overlay-type":"","overlay-color":"","overlay-opacity":"","overlay-gradient":""},"mobile":{"background-color":"var(--ast-global-color-4)","background-image":"","background-repeat":"repeat","background-position":"center center","background-size":"auto","background-attachment":"scroll","background-type":"","background-media":"","overlay-type":"","overlay-color":"","overlay-opacity":"","overlay-gradient":""}},"footnotes":""},"class_list":["post-559","page","type-page","status-publish","hentry"],"_links":{"self":[{"href":"https:\/\/sana.ro\/index.php\/wp-json\/wp\/v2\/pages\/559","targetHints":{"allow":["GET"]}}],"collection":[{"href":"https:\/\/sana.ro\/index.php\/wp-json\/wp\/v2\/pages"}],"about":[{"href":"https:\/\/sana.ro\/index.php\/wp-json\/wp\/v2\/types\/page"}],"author":[{"embeddable":true,"href":"https:\/\/sana.ro\/index.php\/wp-json\/wp\/v2\/users\/1"}],"replies":[{"embeddable":true,"href":"https:\/\/sana.ro\/index.php\/wp-json\/wp\/v2\/comments?post=559"}],"version-history":[{"count":6,"href":"https:\/\/sana.ro\/index.php\/wp-json\/wp\/v2\/pages\/559\/revisions"}],"predecessor-version":[{"id":656,"href":"https:\/\/sana.ro\/index.php\/wp-json\/wp\/v2\/pages\/559\/revisions\/656"}],"wp:attachment":[{"href":"https:\/\/sana.ro\/index.php\/wp-json\/wp\/v2\/media?parent=559"}],"curies":[{"name":"wp","href":"https:\/\/api.w.org\/{rel}","templated":true}]}}